{"id":14,"date":"2026-04-27T11:57:55","date_gmt":"2026-04-27T11:57:55","guid":{"rendered":"https:\/\/catalinaortizabogada.es\/?page_id=14"},"modified":"2026-04-30T09:17:03","modified_gmt":"2026-04-30T09:17:03","slug":"quienes-somos","status":"publish","type":"page","link":"https:\/\/catalinaortizabogada.es\/en\/quienes-somos\/","title":{"rendered":"Who We Are"},"content":{"rendered":"<div data-elementor-type=\"wp-page\" data-elementor-id=\"14\" class=\"elementor elementor-14\" data-elementor-post-type=\"page\">\n\t\t\t\t<div class=\"elementor-element elementor-element-3e8a68e e-flex e-con-boxed e-con e-parent\" data-id=\"3e8a68e\" data-element_type=\"container\" data-e-type=\"container\" data-settings=\"{&quot;background_background&quot;:&quot;classic&quot;}\">\n\t\t\t\t\t<div class=\"e-con-inner\">\n\t\t\t\t<div class=\"elementor-element elementor-element-b52aef7 elementor-widget__width-initial elementor-widget elementor-widget-heading\" data-id=\"b52aef7\" data-element_type=\"widget\" data-e-type=\"widget\" data-widget_type=\"heading.default\">\n\t\t\t\t\t<h2 class=\"elementor-heading-title elementor-size-default\">Justice begins with a good defense.<\/h2>\t\t\t\t<\/div>\n\t\t\t\t\t<\/div>\n\t\t\t\t<\/div>\n\t\t<div class=\"elementor-element elementor-element-71a7ae6 e-flex e-con-boxed e-con e-parent\" data-id=\"71a7ae6\" data-element_type=\"container\" data-e-type=\"container\" data-settings=\"{&quot;background_background&quot;:&quot;classic&quot;}\">\n\t\t\t\t\t<div class=\"e-con-inner\">\n\t\t<div class=\"elementor-element elementor-element-61f5ad87 e-con-full e-flex e-con e-child\" data-id=\"61f5ad87\" data-element_type=\"container\" data-e-type=\"container\" data-settings=\"{&quot;background_background&quot;:&quot;classic&quot;}\">\n\t\t\t\t<div class=\"elementor-element elementor-element-1c87c22d elementor-widget elementor-widget-image-box\" data-id=\"1c87c22d\" data-element_type=\"widget\" data-e-type=\"widget\" data-widget_type=\"image-box.default\">\n\t\t\t\t\t<div class=\"elementor-image-box-wrapper\"><div class=\"elementor-image-box-content\"><h4 class=\"elementor-image-box-title\">Commitment, closeness and solutions<\/h4><p class=\"elementor-image-box-description\">At Catalina Ortiz Quir\u00f3s Abogados, we are a law firm committed to providing personalized, transparent, and effective service. Our goal is to guide each client through their legal issues, offering clear solutions tailored to their specific needs.\n\nWe possess extensive training and experience in various areas of law, enabling us to offer comprehensive legal advice to individuals, professionals, and businesses. We work with rigor, responsibility, and dedication, meticulously attending to every detail of the matters entrusted to us.\nWe believe in accessible legal practice, where communication and trust are paramount. Therefore, we explain each step of the process in a straightforward manner, ensuring our clients fully understand their situation and available options.\nOur commitment is to defend your interests with professionalism, personalized attention, and complete dedication, always striving for the best legal solution in every case.<\/p><\/div><\/div>\t\t\t\t<\/div>\n\t\t\t\t<\/div>\n\t\t<div class=\"elementor-element elementor-element-3481d61e e-con-full e-flex e-con e-child\" data-id=\"3481d61e\" data-element_type=\"container\" data-e-type=\"container\">\n\t\t\t\t<div class=\"elementor-element elementor-element-40ab9561 elementor-widget elementor-widget-heading\" data-id=\"40ab9561\" data-element_type=\"widget\" data-e-type=\"widget\" data-widget_type=\"heading.default\">\n\t\t\t\t\t<h1 class=\"elementor-heading-title elementor-size-default\">Who We Are<\/h1>\t\t\t\t<\/div>\n\t\t\t\t<div class=\"elementor-element elementor-element-3e689d6b elementor-widget elementor-widget-text-editor\" data-id=\"3e689d6b\" data-element_type=\"widget\" data-e-type=\"widget\" data-widget_type=\"text-editor.default\">\n\t\t\t\t\t\t\t\t\t<p>Defending your rights with clarity and experience.<\/p>\t\t\t\t\t\t\t\t<\/div>\n\t\t\t\t<\/div>\n\t\t\t\t\t<\/div>\n\t\t\t\t<\/div>\n\t\t\t\t<\/div>","protected":false},"excerpt":{"rendered":"<p>La justicia comienza con una buena defensa. Compromiso, cercan\u00eda y soluciones En Catalina Ortiz Quir\u00f3s Abogados somos un despacho jur\u00eddico comprometido con ofrecer un servicio cercano, transparente y eficaz. Nuestro objetivo es acompa\u00f1ar a cada cliente en la resoluci\u00f3n de sus problemas legales, aportando soluciones claras y adaptadas a sus necesidades. Contamos con una s\u00f3lida [&hellip;]<\/p>\n","protected":false},"author":1,"featured_media":0,"parent":0,"menu_order":0,"comment_status":"closed","ping_status":"closed","template":"","meta":{"footnotes":""},"class_list":["post-14","page","type-page","status-publish","hentry"],"_links":{"self":[{"href":"https:\/\/catalinaortizabogada.es\/en\/wp-json\/wp\/v2\/pages\/14","targetHints":{"allow":["GET"]}}],"collection":[{"href":"https:\/\/catalinaortizabogada.es\/en\/wp-json\/wp\/v2\/pages"}],"about":[{"href":"https:\/\/catalinaortizabogada.es\/en\/wp-json\/wp\/v2\/types\/page"}],"author":[{"embeddable":true,"href":"https:\/\/catalinaortizabogada.es\/en\/wp-json\/wp\/v2\/users\/1"}],"replies":[{"embeddable":true,"href":"https:\/\/catalinaortizabogada.es\/en\/wp-json\/wp\/v2\/comments?post=14"}],"version-history":[{"count":16,"href":"https:\/\/catalinaortizabogada.es\/en\/wp-json\/wp\/v2\/pages\/14\/revisions"}],"predecessor-version":[{"id":326,"href":"https:\/\/catalinaortizabogada.es\/en\/wp-json\/wp\/v2\/pages\/14\/revisions\/326"}],"wp:attachment":[{"href":"https:\/\/catalinaortizabogada.es\/en\/wp-json\/wp\/v2\/media?parent=14"}],"curies":[{"name":"wp","href":"https:\/\/api.w.org\/{rel}","templated":true}]}}