{"id":35,"date":"2026-04-28T10:40:56","date_gmt":"2026-04-28T10:40:56","guid":{"rendered":"https:\/\/catalinaortizabogada.es\/?page_id=35"},"modified":"2026-04-30T08:48:55","modified_gmt":"2026-04-30T08:48:55","slug":"derecho-de-familia","status":"publish","type":"page","link":"https:\/\/catalinaortizabogada.es\/en\/derecho-de-familia\/","title":{"rendered":"Family law"},"content":{"rendered":"<div data-elementor-type=\"wp-page\" data-elementor-id=\"35\" class=\"elementor elementor-35\" data-elementor-post-type=\"page\">\n\t\t\t\t<div class=\"elementor-element elementor-element-290731d0 e-flex e-con-boxed e-con e-parent\" data-id=\"290731d0\" data-element_type=\"container\" data-e-type=\"container\">\n\t\t\t\t\t<div class=\"e-con-inner\">\n\t\t<div class=\"elementor-element elementor-element-6aea9db0 e-con-full e-flex e-con e-child\" data-id=\"6aea9db0\" data-element_type=\"container\" data-e-type=\"container\">\n\t\t\t\t<div class=\"elementor-element elementor-element-169cdd00 elementor-widget elementor-widget-heading\" data-id=\"169cdd00\" data-element_type=\"widget\" data-e-type=\"widget\" data-widget_type=\"heading.default\">\n\t\t\t\t\t<h2 class=\"elementor-heading-title elementor-size-default\">Family law<\/h2>\t\t\t\t<\/div>\n\t\t\t\t<div class=\"elementor-element elementor-element-2055a222 elementor-widget elementor-widget-text-editor\" data-id=\"2055a222\" data-element_type=\"widget\" data-e-type=\"widget\" data-widget_type=\"text-editor.default\">\n\t\t\t\t\t\t\t\t\t<p>Prestamos asistencia jur\u00eddica en todas las materias relacionadas con el derecho de familia. Tramitamos divorcios de mutuo acuerdo y contenciosos, separaciones, custodias, pensiones alimenticias, modificaci\u00f3n de medidas y liquidaci\u00f3n de bienes gananciales. Acompa\u00f1amos a nuestros clientes con cercan\u00eda y profesionalidad en procesos especialmente sensibles.<\/p>\t\t\t\t\t\t\t\t<\/div>\n\t\t\t\t<\/div>\n\t\t<div class=\"elementor-element elementor-element-52618df1 e-con-full e-flex e-con e-child\" data-id=\"52618df1\" data-element_type=\"container\" data-e-type=\"container\">\n\t\t\t\t<div class=\"elementor-element elementor-element-6963f513 elementor-widget elementor-widget-image\" data-id=\"6963f513\" data-element_type=\"widget\" data-e-type=\"widget\" data-widget_type=\"image.default\">\n\t\t\t\t\t\t\t\t\t\t\t\t\t\t\t<img fetchpriority=\"high\" decoding=\"async\" width=\"800\" height=\"533\" src=\"https:\/\/catalinaortizabogada.es\/wp-content\/uploads\/2026\/04\/derecho_familia-1024x682.jpg\" class=\"attachment-large size-large wp-image-230\" alt=\"derecho_familia\" srcset=\"https:\/\/catalinaortizabogada.es\/wp-content\/uploads\/2026\/04\/derecho_familia-1024x682.jpg 1024w, https:\/\/catalinaortizabogada.es\/wp-content\/uploads\/2026\/04\/derecho_familia-300x200.jpg 300w, https:\/\/catalinaortizabogada.es\/wp-content\/uploads\/2026\/04\/derecho_familia-768x512.jpg 768w, https:\/\/catalinaortizabogada.es\/wp-content\/uploads\/2026\/04\/derecho_familia.jpg 1280w\" sizes=\"(max-width: 800px) 100vw, 800px\" \/>\t\t\t\t\t\t\t\t\t\t\t\t\t\t\t<\/div>\n\t\t\t\t<\/div>\n\t\t\t\t\t<\/div>\n\t\t\t\t<\/div>\n\t\t\t\t<\/div>","protected":false},"excerpt":{"rendered":"<p>Derecho de familia Prestamos asistencia jur\u00eddica en todas las materias relacionadas con el derecho de familia. Tramitamos divorcios de mutuo acuerdo y contenciosos, separaciones, custodias, pensiones alimenticias, modificaci\u00f3n de medidas y liquidaci\u00f3n de bienes gananciales. Acompa\u00f1amos a nuestros clientes con cercan\u00eda y profesionalidad en procesos especialmente sensibles.<\/p>","protected":false},"author":1,"featured_media":0,"parent":0,"menu_order":0,"comment_status":"closed","ping_status":"closed","template":"","meta":{"footnotes":""},"class_list":["post-35","page","type-page","status-publish","hentry"],"_links":{"self":[{"href":"https:\/\/catalinaortizabogada.es\/en\/wp-json\/wp\/v2\/pages\/35","targetHints":{"allow":["GET"]}}],"collection":[{"href":"https:\/\/catalinaortizabogada.es\/en\/wp-json\/wp\/v2\/pages"}],"about":[{"href":"https:\/\/catalinaortizabogada.es\/en\/wp-json\/wp\/v2\/types\/page"}],"author":[{"embeddable":true,"href":"https:\/\/catalinaortizabogada.es\/en\/wp-json\/wp\/v2\/users\/1"}],"replies":[{"embeddable":true,"href":"https:\/\/catalinaortizabogada.es\/en\/wp-json\/wp\/v2\/comments?post=35"}],"version-history":[{"count":13,"href":"https:\/\/catalinaortizabogada.es\/en\/wp-json\/wp\/v2\/pages\/35\/revisions"}],"predecessor-version":[{"id":279,"href":"https:\/\/catalinaortizabogada.es\/en\/wp-json\/wp\/v2\/pages\/35\/revisions\/279"}],"wp:attachment":[{"href":"https:\/\/catalinaortizabogada.es\/en\/wp-json\/wp\/v2\/media?parent=35"}],"curies":[{"name":"wp","href":"https:\/\/api.w.org\/{rel}","templated":true}]}}