{"id":43,"date":"2026-04-28T10:42:20","date_gmt":"2026-04-28T10:42:20","guid":{"rendered":"https:\/\/catalinaortizabogada.es\/?page_id=43"},"modified":"2026-04-30T08:49:02","modified_gmt":"2026-04-30T08:49:02","slug":"abogados-laboralistas","status":"publish","type":"page","link":"https:\/\/catalinaortizabogada.es\/en\/abogados-laboralistas\/","title":{"rendered":"Employment lawyers"},"content":{"rendered":"<div data-elementor-type=\"wp-page\" data-elementor-id=\"43\" class=\"elementor elementor-43\" data-elementor-post-type=\"page\">\n\t\t\t\t<div class=\"elementor-element elementor-element-3c3e61de e-flex e-con-boxed e-con e-parent\" data-id=\"3c3e61de\" data-element_type=\"container\" data-e-type=\"container\">\n\t\t\t\t\t<div class=\"e-con-inner\">\n\t\t<div class=\"elementor-element elementor-element-5e938a60 e-con-full e-flex e-con e-child\" data-id=\"5e938a60\" data-element_type=\"container\" data-e-type=\"container\">\n\t\t\t\t<div class=\"elementor-element elementor-element-14637dd0 elementor-widget elementor-widget-heading\" data-id=\"14637dd0\" data-element_type=\"widget\" data-e-type=\"widget\" data-widget_type=\"heading.default\">\n\t\t\t\t\t<h2 class=\"elementor-heading-title elementor-size-default\">Employment lawyers<\/h2>\t\t\t\t<\/div>\n\t\t\t\t<div class=\"elementor-element elementor-element-70c04edf elementor-widget elementor-widget-text-editor\" data-id=\"70c04edf\" data-element_type=\"widget\" data-e-type=\"widget\" data-widget_type=\"text-editor.default\">\n\t\t\t\t\t\t\t\t\t<p>Contamos con amplia experiencia en derecho laboral, defendiendo tanto a trabajadores como a empresas. Gestionamos despidos, reclamaciones salariales, finiquitos, vacaciones, incapacidades, sanciones y conflictos laborales. Buscamos siempre la mejor soluci\u00f3n para garantizar sus derechos y seguridad jur\u00eddica en el \u00e1mbito laboral.<\/p>\t\t\t\t\t\t\t\t<\/div>\n\t\t\t\t<\/div>\n\t\t<div class=\"elementor-element elementor-element-5ab209ae e-con-full e-flex e-con e-child\" data-id=\"5ab209ae\" data-element_type=\"container\" data-e-type=\"container\">\n\t\t\t\t<div class=\"elementor-element elementor-element-20c5cb69 elementor-widget elementor-widget-image\" data-id=\"20c5cb69\" data-element_type=\"widget\" data-e-type=\"widget\" data-widget_type=\"image.default\">\n\t\t\t\t\t\t\t\t\t\t\t\t\t\t\t<img fetchpriority=\"high\" decoding=\"async\" width=\"800\" height=\"534\" src=\"https:\/\/catalinaortizabogada.es\/wp-content\/uploads\/2026\/04\/abogados_laboralistas-1024x683.jpg\" class=\"attachment-large size-large wp-image-224\" alt=\"abogados_laboralistas\" srcset=\"https:\/\/catalinaortizabogada.es\/wp-content\/uploads\/2026\/04\/abogados_laboralistas-1024x683.jpg 1024w, https:\/\/catalinaortizabogada.es\/wp-content\/uploads\/2026\/04\/abogados_laboralistas-300x200.jpg 300w, https:\/\/catalinaortizabogada.es\/wp-content\/uploads\/2026\/04\/abogados_laboralistas-768x512.jpg 768w, https:\/\/catalinaortizabogada.es\/wp-content\/uploads\/2026\/04\/abogados_laboralistas-1536x1024.jpg 1536w, https:\/\/catalinaortizabogada.es\/wp-content\/uploads\/2026\/04\/abogados_laboralistas-2048x1365.jpg 2048w\" sizes=\"(max-width: 800px) 100vw, 800px\" \/>\t\t\t\t\t\t\t\t\t\t\t\t\t\t\t<\/div>\n\t\t\t\t<\/div>\n\t\t\t\t\t<\/div>\n\t\t\t\t<\/div>\n\t\t\t\t<\/div>","protected":false},"excerpt":{"rendered":"<p>Abogados laboralistas Contamos con amplia experiencia en derecho laboral, defendiendo tanto a trabajadores como a empresas. Gestionamos despidos, reclamaciones salariales, finiquitos, vacaciones, incapacidades, sanciones y conflictos laborales. Buscamos siempre la mejor soluci\u00f3n para garantizar sus derechos y seguridad jur\u00eddica en el \u00e1mbito laboral.<\/p>","protected":false},"author":1,"featured_media":0,"parent":0,"menu_order":0,"comment_status":"closed","ping_status":"closed","template":"","meta":{"footnotes":""},"class_list":["post-43","page","type-page","status-publish","hentry"],"_links":{"self":[{"href":"https:\/\/catalinaortizabogada.es\/en\/wp-json\/wp\/v2\/pages\/43","targetHints":{"allow":["GET"]}}],"collection":[{"href":"https:\/\/catalinaortizabogada.es\/en\/wp-json\/wp\/v2\/pages"}],"about":[{"href":"https:\/\/catalinaortizabogada.es\/en\/wp-json\/wp\/v2\/types\/page"}],"author":[{"embeddable":true,"href":"https:\/\/catalinaortizabogada.es\/en\/wp-json\/wp\/v2\/users\/1"}],"replies":[{"embeddable":true,"href":"https:\/\/catalinaortizabogada.es\/en\/wp-json\/wp\/v2\/comments?post=43"}],"version-history":[{"count":10,"href":"https:\/\/catalinaortizabogada.es\/en\/wp-json\/wp\/v2\/pages\/43\/revisions"}],"predecessor-version":[{"id":282,"href":"https:\/\/catalinaortizabogada.es\/en\/wp-json\/wp\/v2\/pages\/43\/revisions\/282"}],"wp:attachment":[{"href":"https:\/\/catalinaortizabogada.es\/en\/wp-json\/wp\/v2\/media?parent=43"}],"curies":[{"name":"wp","href":"https:\/\/api.w.org\/{rel}","templated":true}]}}