{"id":48,"date":"2026-04-28T10:43:31","date_gmt":"2026-04-28T10:43:31","guid":{"rendered":"https:\/\/catalinaortizabogada.es\/?page_id=48"},"modified":"2026-04-30T08:49:11","modified_gmt":"2026-04-30T08:49:11","slug":"derecho-mercantil","status":"publish","type":"page","link":"https:\/\/catalinaortizabogada.es\/en\/derecho-mercantil\/","title":{"rendered":"Commercial law"},"content":{"rendered":"<div data-elementor-type=\"wp-page\" data-elementor-id=\"48\" class=\"elementor elementor-48\" data-elementor-post-type=\"page\">\n\t\t\t\t<div class=\"elementor-element elementor-element-597e6322 e-flex e-con-boxed e-con e-parent\" data-id=\"597e6322\" data-element_type=\"container\" data-e-type=\"container\">\n\t\t\t\t\t<div class=\"e-con-inner\">\n\t\t<div class=\"elementor-element elementor-element-4cf0ff8f e-con-full e-flex e-con e-child\" data-id=\"4cf0ff8f\" data-element_type=\"container\" data-e-type=\"container\">\n\t\t\t\t<div class=\"elementor-element elementor-element-760bd4de elementor-widget elementor-widget-heading\" data-id=\"760bd4de\" data-element_type=\"widget\" data-e-type=\"widget\" data-widget_type=\"heading.default\">\n\t\t\t\t\t<h2 class=\"elementor-heading-title elementor-size-default\">Commercial law<\/h2>\t\t\t\t<\/div>\n\t\t\t\t<div class=\"elementor-element elementor-element-c224c23 elementor-widget elementor-widget-text-editor\" data-id=\"c224c23\" data-element_type=\"widget\" data-e-type=\"widget\" data-widget_type=\"text-editor.default\">\n\t\t\t\t\t\t\t\t\t<p>Nuestro departamento mercantil asesora a empresas, aut\u00f3nomos y sociedades en todas las \u00e1reas relacionadas con la actividad empresarial. Ofrecemos apoyo en constituci\u00f3n de sociedades, contratos mercantiles, operaciones societarias, conflictos entre socios, compraventas y reestructuraciones empresariales. Trabajamos para impulsar el crecimiento de su negocio con seguridad legal.<\/p>\t\t\t\t\t\t\t\t<\/div>\n\t\t\t\t<\/div>\n\t\t<div class=\"elementor-element elementor-element-6a22a6c5 e-con-full e-flex e-con e-child\" data-id=\"6a22a6c5\" data-element_type=\"container\" data-e-type=\"container\">\n\t\t\t\t<div class=\"elementor-element elementor-element-51c6f4d8 elementor-widget elementor-widget-image\" data-id=\"51c6f4d8\" data-element_type=\"widget\" data-e-type=\"widget\" data-widget_type=\"image.default\">\n\t\t\t\t\t\t\t\t\t\t\t\t\t\t\t<img fetchpriority=\"high\" decoding=\"async\" width=\"800\" height=\"450\" src=\"https:\/\/catalinaortizabogada.es\/wp-content\/uploads\/2026\/04\/derecho_mercantil-1024x576.jpg\" class=\"attachment-large size-large wp-image-231\" alt=\"derecho_mercantil\" srcset=\"https:\/\/catalinaortizabogada.es\/wp-content\/uploads\/2026\/04\/derecho_mercantil-1024x576.jpg 1024w, https:\/\/catalinaortizabogada.es\/wp-content\/uploads\/2026\/04\/derecho_mercantil-300x169.jpg 300w, https:\/\/catalinaortizabogada.es\/wp-content\/uploads\/2026\/04\/derecho_mercantil-768x432.jpg 768w, https:\/\/catalinaortizabogada.es\/wp-content\/uploads\/2026\/04\/derecho_mercantil.jpg 1280w\" sizes=\"(max-width: 800px) 100vw, 800px\" \/>\t\t\t\t\t\t\t\t\t\t\t\t\t\t\t<\/div>\n\t\t\t\t<\/div>\n\t\t\t\t\t<\/div>\n\t\t\t\t<\/div>\n\t\t\t\t<\/div>","protected":false},"excerpt":{"rendered":"<p>Derecho mercantil Nuestro departamento mercantil asesora a empresas, aut\u00f3nomos y sociedades en todas las \u00e1reas relacionadas con la actividad empresarial. Ofrecemos apoyo en constituci\u00f3n de sociedades, contratos mercantiles, operaciones societarias, conflictos entre socios, compraventas y reestructuraciones empresariales. Trabajamos para impulsar el crecimiento de su negocio con seguridad legal.<\/p>","protected":false},"author":1,"featured_media":0,"parent":0,"menu_order":0,"comment_status":"closed","ping_status":"closed","template":"","meta":{"footnotes":""},"class_list":["post-48","page","type-page","status-publish","hentry"],"_links":{"self":[{"href":"https:\/\/catalinaortizabogada.es\/en\/wp-json\/wp\/v2\/pages\/48","targetHints":{"allow":["GET"]}}],"collection":[{"href":"https:\/\/catalinaortizabogada.es\/en\/wp-json\/wp\/v2\/pages"}],"about":[{"href":"https:\/\/catalinaortizabogada.es\/en\/wp-json\/wp\/v2\/types\/page"}],"author":[{"embeddable":true,"href":"https:\/\/catalinaortizabogada.es\/en\/wp-json\/wp\/v2\/users\/1"}],"replies":[{"embeddable":true,"href":"https:\/\/catalinaortizabogada.es\/en\/wp-json\/wp\/v2\/comments?post=48"}],"version-history":[{"count":10,"href":"https:\/\/catalinaortizabogada.es\/en\/wp-json\/wp\/v2\/pages\/48\/revisions"}],"predecessor-version":[{"id":285,"href":"https:\/\/catalinaortizabogada.es\/en\/wp-json\/wp\/v2\/pages\/48\/revisions\/285"}],"wp:attachment":[{"href":"https:\/\/catalinaortizabogada.es\/en\/wp-json\/wp\/v2\/media?parent=48"}],"curies":[{"name":"wp","href":"https:\/\/api.w.org\/{rel}","templated":true}]}}