{"id":53,"date":"2026-04-28T10:46:49","date_gmt":"2026-04-28T10:46:49","guid":{"rendered":"https:\/\/catalinaortizabogada.es\/?page_id=53"},"modified":"2026-04-30T08:49:18","modified_gmt":"2026-04-30T08:49:18","slug":"abogados-penalistas","status":"publish","type":"page","link":"https:\/\/catalinaortizabogada.es\/en\/abogados-penalistas\/","title":{"rendered":"Criminal lawyers"},"content":{"rendered":"<div data-elementor-type=\"wp-page\" data-elementor-id=\"53\" class=\"elementor elementor-53\" data-elementor-post-type=\"page\">\n\t\t\t\t<div class=\"elementor-element elementor-element-4dafe029 e-flex e-con-boxed e-con e-parent\" data-id=\"4dafe029\" data-element_type=\"container\" data-e-type=\"container\">\n\t\t\t\t\t<div class=\"e-con-inner\">\n\t\t<div class=\"elementor-element elementor-element-49972972 e-con-full e-flex e-con e-child\" data-id=\"49972972\" data-element_type=\"container\" data-e-type=\"container\">\n\t\t\t\t<div class=\"elementor-element elementor-element-676101a6 elementor-widget elementor-widget-heading\" data-id=\"676101a6\" data-element_type=\"widget\" data-e-type=\"widget\" data-widget_type=\"heading.default\">\n\t\t\t\t\t<h2 class=\"elementor-heading-title elementor-size-default\">Criminal lawyers<\/h2>\t\t\t\t<\/div>\n\t\t\t\t<div class=\"elementor-element elementor-element-2af976a8 elementor-widget elementor-widget-text-editor\" data-id=\"2af976a8\" data-element_type=\"widget\" data-e-type=\"widget\" data-widget_type=\"text-editor.default\">\n\t\t\t\t\t\t\t\t\t<p>Brindamos defensa jur\u00eddica integral en procedimientos penales, garantizando la mejor representaci\u00f3n desde el inicio del proceso. Ofrecemos asistencia al detenido, defensa en juicios por delitos leves o graves, recursos y acompa\u00f1amiento durante toda la instrucci\u00f3n penal. Actuamos con m\u00e1xima discreci\u00f3n, rigor y compromiso con cada cliente.<\/p>\t\t\t\t\t\t\t\t<\/div>\n\t\t\t\t<\/div>\n\t\t<div class=\"elementor-element elementor-element-2c8205c e-con-full e-flex e-con e-child\" data-id=\"2c8205c\" data-element_type=\"container\" data-e-type=\"container\">\n\t\t\t\t<div class=\"elementor-element elementor-element-7ee23ca2 elementor-widget elementor-widget-image\" data-id=\"7ee23ca2\" data-element_type=\"widget\" data-e-type=\"widget\" data-widget_type=\"image.default\">\n\t\t\t\t\t\t\t\t\t\t\t\t\t\t\t<img fetchpriority=\"high\" decoding=\"async\" width=\"800\" height=\"534\" src=\"https:\/\/catalinaortizabogada.es\/wp-content\/uploads\/2026\/04\/abogado_penalista-1024x683.jpg\" class=\"attachment-large size-large wp-image-223\" alt=\"abogado_penalista\" srcset=\"https:\/\/catalinaortizabogada.es\/wp-content\/uploads\/2026\/04\/abogado_penalista-1024x683.jpg 1024w, https:\/\/catalinaortizabogada.es\/wp-content\/uploads\/2026\/04\/abogado_penalista-300x200.jpg 300w, https:\/\/catalinaortizabogada.es\/wp-content\/uploads\/2026\/04\/abogado_penalista-768x512.jpg 768w, https:\/\/catalinaortizabogada.es\/wp-content\/uploads\/2026\/04\/abogado_penalista-1536x1024.jpg 1536w, https:\/\/catalinaortizabogada.es\/wp-content\/uploads\/2026\/04\/abogado_penalista-2048x1365.jpg 2048w\" sizes=\"(max-width: 800px) 100vw, 800px\" \/>\t\t\t\t\t\t\t\t\t\t\t\t\t\t\t<\/div>\n\t\t\t\t<\/div>\n\t\t\t\t\t<\/div>\n\t\t\t\t<\/div>\n\t\t\t\t<\/div>","protected":false},"excerpt":{"rendered":"<p>Abogados penalistas Brindamos defensa jur\u00eddica integral en procedimientos penales, garantizando la mejor representaci\u00f3n desde el inicio del proceso. Ofrecemos asistencia al detenido, defensa en juicios por delitos leves o graves, recursos y acompa\u00f1amiento durante toda la instrucci\u00f3n penal. Actuamos con m\u00e1xima discreci\u00f3n, rigor y compromiso con cada cliente.<\/p>","protected":false},"author":1,"featured_media":0,"parent":0,"menu_order":0,"comment_status":"closed","ping_status":"closed","template":"","meta":{"footnotes":""},"class_list":["post-53","page","type-page","status-publish","hentry"],"_links":{"self":[{"href":"https:\/\/catalinaortizabogada.es\/en\/wp-json\/wp\/v2\/pages\/53","targetHints":{"allow":["GET"]}}],"collection":[{"href":"https:\/\/catalinaortizabogada.es\/en\/wp-json\/wp\/v2\/pages"}],"about":[{"href":"https:\/\/catalinaortizabogada.es\/en\/wp-json\/wp\/v2\/types\/page"}],"author":[{"embeddable":true,"href":"https:\/\/catalinaortizabogada.es\/en\/wp-json\/wp\/v2\/users\/1"}],"replies":[{"embeddable":true,"href":"https:\/\/catalinaortizabogada.es\/en\/wp-json\/wp\/v2\/comments?post=53"}],"version-history":[{"count":10,"href":"https:\/\/catalinaortizabogada.es\/en\/wp-json\/wp\/v2\/pages\/53\/revisions"}],"predecessor-version":[{"id":288,"href":"https:\/\/catalinaortizabogada.es\/en\/wp-json\/wp\/v2\/pages\/53\/revisions\/288"}],"wp:attachment":[{"href":"https:\/\/catalinaortizabogada.es\/en\/wp-json\/wp\/v2\/media?parent=53"}],"curies":[{"name":"wp","href":"https:\/\/api.w.org\/{rel}","templated":true}]}}