{"id":58,"date":"2026-04-28T10:47:46","date_gmt":"2026-04-28T10:47:46","guid":{"rendered":"https:\/\/catalinaortizabogada.es\/?page_id=58"},"modified":"2026-04-30T08:49:23","modified_gmt":"2026-04-30T08:49:23","slug":"negligencias-medicas","status":"publish","type":"page","link":"https:\/\/catalinaortizabogada.es\/en\/negligencias-medicas\/","title":{"rendered":"Medical negligence"},"content":{"rendered":"<div data-elementor-type=\"wp-page\" data-elementor-id=\"58\" class=\"elementor elementor-58\" data-elementor-post-type=\"page\">\n\t\t\t\t<div class=\"elementor-element elementor-element-20ed64 e-flex e-con-boxed e-con e-parent\" data-id=\"20ed64\" data-element_type=\"container\" data-e-type=\"container\">\n\t\t\t\t\t<div class=\"e-con-inner\">\n\t\t<div class=\"elementor-element elementor-element-168c9488 e-con-full e-flex e-con e-child\" data-id=\"168c9488\" data-element_type=\"container\" data-e-type=\"container\">\n\t\t\t\t<div class=\"elementor-element elementor-element-11f1c339 elementor-widget elementor-widget-heading\" data-id=\"11f1c339\" data-element_type=\"widget\" data-e-type=\"widget\" data-widget_type=\"heading.default\">\n\t\t\t\t\t<h2 class=\"elementor-heading-title elementor-size-default\">Medical negligence<\/h2>\t\t\t\t<\/div>\n\t\t\t\t<div class=\"elementor-element elementor-element-15f88889 elementor-widget elementor-widget-text-editor\" data-id=\"15f88889\" data-element_type=\"widget\" data-e-type=\"widget\" data-widget_type=\"text-editor.default\">\n\t\t\t\t\t\t\t\t\t<p>Somos especialistas en reclamaciones por negligencias m\u00e9dicas y errores sanitarios. Defendemos a pacientes que hayan sufrido da\u00f1os por diagn\u00f3sticos incorrectos, retrasos asistenciales, intervenciones defectuosas o mala praxis profesional. Analizamos cada caso con detalle para reclamar la indemnizaci\u00f3n y responsabilidad correspondiente.<\/p>\t\t\t\t\t\t\t\t<\/div>\n\t\t\t\t<\/div>\n\t\t<div class=\"elementor-element elementor-element-2020d0ef e-con-full e-flex e-con e-child\" data-id=\"2020d0ef\" data-element_type=\"container\" data-e-type=\"container\">\n\t\t\t\t<div class=\"elementor-element elementor-element-44af7218 elementor-widget elementor-widget-image\" data-id=\"44af7218\" data-element_type=\"widget\" data-e-type=\"widget\" data-widget_type=\"image.default\">\n\t\t\t\t\t\t\t\t\t\t\t\t\t\t\t<img fetchpriority=\"high\" decoding=\"async\" width=\"800\" height=\"533\" src=\"https:\/\/catalinaortizabogada.es\/wp-content\/uploads\/2026\/04\/neglicencia_medicas-1024x682.jpg\" class=\"attachment-large size-large wp-image-234\" alt=\"neglicencia_medicas\" srcset=\"https:\/\/catalinaortizabogada.es\/wp-content\/uploads\/2026\/04\/neglicencia_medicas-1024x682.jpg 1024w, https:\/\/catalinaortizabogada.es\/wp-content\/uploads\/2026\/04\/neglicencia_medicas-300x200.jpg 300w, https:\/\/catalinaortizabogada.es\/wp-content\/uploads\/2026\/04\/neglicencia_medicas-768x512.jpg 768w, https:\/\/catalinaortizabogada.es\/wp-content\/uploads\/2026\/04\/neglicencia_medicas.jpg 1280w\" sizes=\"(max-width: 800px) 100vw, 800px\" \/>\t\t\t\t\t\t\t\t\t\t\t\t\t\t\t<\/div>\n\t\t\t\t<\/div>\n\t\t\t\t\t<\/div>\n\t\t\t\t<\/div>\n\t\t\t\t<\/div>","protected":false},"excerpt":{"rendered":"<p>Negligencias m\u00e9dicas Somos especialistas en reclamaciones por negligencias m\u00e9dicas y errores sanitarios. Defendemos a pacientes que hayan sufrido da\u00f1os por diagn\u00f3sticos incorrectos, retrasos asistenciales, intervenciones defectuosas o mala praxis profesional. Analizamos cada caso con detalle para reclamar la indemnizaci\u00f3n y responsabilidad correspondiente.<\/p>","protected":false},"author":1,"featured_media":0,"parent":0,"menu_order":0,"comment_status":"closed","ping_status":"closed","template":"","meta":{"footnotes":""},"class_list":["post-58","page","type-page","status-publish","hentry"],"_links":{"self":[{"href":"https:\/\/catalinaortizabogada.es\/en\/wp-json\/wp\/v2\/pages\/58","targetHints":{"allow":["GET"]}}],"collection":[{"href":"https:\/\/catalinaortizabogada.es\/en\/wp-json\/wp\/v2\/pages"}],"about":[{"href":"https:\/\/catalinaortizabogada.es\/en\/wp-json\/wp\/v2\/types\/page"}],"author":[{"embeddable":true,"href":"https:\/\/catalinaortizabogada.es\/en\/wp-json\/wp\/v2\/users\/1"}],"replies":[{"embeddable":true,"href":"https:\/\/catalinaortizabogada.es\/en\/wp-json\/wp\/v2\/comments?post=58"}],"version-history":[{"count":10,"href":"https:\/\/catalinaortizabogada.es\/en\/wp-json\/wp\/v2\/pages\/58\/revisions"}],"predecessor-version":[{"id":291,"href":"https:\/\/catalinaortizabogada.es\/en\/wp-json\/wp\/v2\/pages\/58\/revisions\/291"}],"wp:attachment":[{"href":"https:\/\/catalinaortizabogada.es\/en\/wp-json\/wp\/v2\/media?parent=58"}],"curies":[{"name":"wp","href":"https:\/\/api.w.org\/{rel}","templated":true}]}}