{"id":63,"date":"2026-04-28T10:48:59","date_gmt":"2026-04-28T10:48:59","guid":{"rendered":"https:\/\/catalinaortizabogada.es\/?page_id=63"},"modified":"2026-04-30T08:49:28","modified_gmt":"2026-04-30T08:49:28","slug":"derecho-agroalimentario-y-vinicola","status":"publish","type":"page","link":"https:\/\/catalinaortizabogada.es\/en\/derecho-agroalimentario-y-vinicola\/","title":{"rendered":"Agri-food and wine law"},"content":{"rendered":"<div data-elementor-type=\"wp-page\" data-elementor-id=\"63\" class=\"elementor elementor-63\" data-elementor-post-type=\"page\">\n\t\t\t\t<div class=\"elementor-element elementor-element-a5efdb2 e-flex e-con-boxed e-con e-parent\" data-id=\"a5efdb2\" data-element_type=\"container\" data-e-type=\"container\">\n\t\t\t\t\t<div class=\"e-con-inner\">\n\t\t<div class=\"elementor-element elementor-element-4cbcd93e e-con-full e-flex e-con e-child\" data-id=\"4cbcd93e\" data-element_type=\"container\" data-e-type=\"container\">\n\t\t\t\t<div class=\"elementor-element elementor-element-60adedda elementor-widget elementor-widget-heading\" data-id=\"60adedda\" data-element_type=\"widget\" data-e-type=\"widget\" data-widget_type=\"heading.default\">\n\t\t\t\t\t<h2 class=\"elementor-heading-title elementor-size-default\">Agri-food and wine law<\/h2>\t\t\t\t<\/div>\n\t\t\t\t<div class=\"elementor-element elementor-element-6bceb115 elementor-widget elementor-widget-text-editor\" data-id=\"6bceb115\" data-element_type=\"widget\" data-e-type=\"widget\" data-widget_type=\"text-editor.default\">\n\t\t\t\t\t\t\t\t\t<p>Prestamos un servicio jur\u00eddico especializado dirigido a bodegas, cooperativas, explotaciones agr\u00edcolas y empresas del sector agroalimentario. Asesoramos en normativa espec\u00edfica, contratos de distribuci\u00f3n, etiquetado, denominaciones de origen, licencias y conflictos comerciales. Conocemos las particularidades legales de un sector clave en nuestra econom\u00eda.<\/p>\t\t\t\t\t\t\t\t<\/div>\n\t\t\t\t<\/div>\n\t\t<div class=\"elementor-element elementor-element-6934e3a6 e-con-full e-flex e-con e-child\" data-id=\"6934e3a6\" data-element_type=\"container\" data-e-type=\"container\">\n\t\t\t\t<div class=\"elementor-element elementor-element-78892a03 elementor-widget elementor-widget-image\" data-id=\"78892a03\" data-element_type=\"widget\" data-e-type=\"widget\" data-widget_type=\"image.default\">\n\t\t\t\t\t\t\t\t\t\t\t\t\t\t\t<img fetchpriority=\"high\" decoding=\"async\" width=\"800\" height=\"534\" src=\"https:\/\/catalinaortizabogada.es\/wp-content\/uploads\/2026\/04\/derecho_agroalimentario-1024x683.jpg\" class=\"attachment-large size-large wp-image-227\" alt=\"derecho_agroalimentario\" srcset=\"https:\/\/catalinaortizabogada.es\/wp-content\/uploads\/2026\/04\/derecho_agroalimentario-1024x683.jpg 1024w, https:\/\/catalinaortizabogada.es\/wp-content\/uploads\/2026\/04\/derecho_agroalimentario-300x200.jpg 300w, https:\/\/catalinaortizabogada.es\/wp-content\/uploads\/2026\/04\/derecho_agroalimentario-768x512.jpg 768w, https:\/\/catalinaortizabogada.es\/wp-content\/uploads\/2026\/04\/derecho_agroalimentario.jpg 1280w\" sizes=\"(max-width: 800px) 100vw, 800px\" \/>\t\t\t\t\t\t\t\t\t\t\t\t\t\t\t<\/div>\n\t\t\t\t<\/div>\n\t\t\t\t\t<\/div>\n\t\t\t\t<\/div>\n\t\t\t\t<\/div>","protected":false},"excerpt":{"rendered":"<p>Derecho agroalimentario y vin\u00edcola Prestamos un servicio jur\u00eddico especializado dirigido a bodegas, cooperativas, explotaciones agr\u00edcolas y empresas del sector agroalimentario. Asesoramos en normativa espec\u00edfica, contratos de distribuci\u00f3n, etiquetado, denominaciones de origen, licencias y conflictos comerciales. Conocemos las particularidades legales de un sector clave en nuestra econom\u00eda.<\/p>","protected":false},"author":1,"featured_media":0,"parent":0,"menu_order":0,"comment_status":"closed","ping_status":"closed","template":"","meta":{"footnotes":""},"class_list":["post-63","page","type-page","status-publish","hentry"],"_links":{"self":[{"href":"https:\/\/catalinaortizabogada.es\/en\/wp-json\/wp\/v2\/pages\/63","targetHints":{"allow":["GET"]}}],"collection":[{"href":"https:\/\/catalinaortizabogada.es\/en\/wp-json\/wp\/v2\/pages"}],"about":[{"href":"https:\/\/catalinaortizabogada.es\/en\/wp-json\/wp\/v2\/types\/page"}],"author":[{"embeddable":true,"href":"https:\/\/catalinaortizabogada.es\/en\/wp-json\/wp\/v2\/users\/1"}],"replies":[{"embeddable":true,"href":"https:\/\/catalinaortizabogada.es\/en\/wp-json\/wp\/v2\/comments?post=63"}],"version-history":[{"count":10,"href":"https:\/\/catalinaortizabogada.es\/en\/wp-json\/wp\/v2\/pages\/63\/revisions"}],"predecessor-version":[{"id":294,"href":"https:\/\/catalinaortizabogada.es\/en\/wp-json\/wp\/v2\/pages\/63\/revisions\/294"}],"wp:attachment":[{"href":"https:\/\/catalinaortizabogada.es\/en\/wp-json\/wp\/v2\/media?parent=63"}],"curies":[{"name":"wp","href":"https:\/\/api.w.org\/{rel}","templated":true}]}}