{"id":68,"date":"2026-04-28T10:49:42","date_gmt":"2026-04-28T10:49:42","guid":{"rendered":"https:\/\/catalinaortizabogada.es\/?page_id=68"},"modified":"2026-04-30T08:49:33","modified_gmt":"2026-04-30T08:49:33","slug":"accidentes-de-trafico","status":"publish","type":"page","link":"https:\/\/catalinaortizabogada.es\/en\/accidentes-de-trafico\/","title":{"rendered":"Traffic accidents"},"content":{"rendered":"<div data-elementor-type=\"wp-page\" data-elementor-id=\"68\" class=\"elementor elementor-68\" data-elementor-post-type=\"page\">\n\t\t\t\t<div class=\"elementor-element elementor-element-39702087 e-flex e-con-boxed e-con e-parent\" data-id=\"39702087\" data-element_type=\"container\" data-e-type=\"container\">\n\t\t\t\t\t<div class=\"e-con-inner\">\n\t\t<div class=\"elementor-element elementor-element-6db047ee e-con-full e-flex e-con e-child\" data-id=\"6db047ee\" data-element_type=\"container\" data-e-type=\"container\">\n\t\t\t\t<div class=\"elementor-element elementor-element-4d97d9a0 elementor-widget elementor-widget-heading\" data-id=\"4d97d9a0\" data-element_type=\"widget\" data-e-type=\"widget\" data-widget_type=\"heading.default\">\n\t\t\t\t\t<h2 class=\"elementor-heading-title elementor-size-default\">Traffic accidents<\/h2>\t\t\t\t<\/div>\n\t\t\t\t<div class=\"elementor-element elementor-element-3856f2d9 elementor-widget elementor-widget-text-editor\" data-id=\"3856f2d9\" data-element_type=\"widget\" data-e-type=\"widget\" data-widget_type=\"text-editor.default\">\n\t\t\t\t\t\t\t\t\t<p>Ofrecemos asesoramiento integral a v\u00edctimas de accidentes de tr\u00e1fico, ocup\u00e1ndonos de todo el proceso de reclamaci\u00f3n. Gestionamos indemnizaciones por lesiones, secuelas, da\u00f1os materiales, incapacidad temporal y responsabilidad civil frente a aseguradoras. Nuestro objetivo es que obtenga la m\u00e1xima compensaci\u00f3n posible.<\/p>\t\t\t\t\t\t\t\t<\/div>\n\t\t\t\t<\/div>\n\t\t<div class=\"elementor-element elementor-element-1309a0dd e-con-full e-flex e-con e-child\" data-id=\"1309a0dd\" data-element_type=\"container\" data-e-type=\"container\">\n\t\t\t\t<div class=\"elementor-element elementor-element-4c0d57e9 elementor-widget elementor-widget-image\" data-id=\"4c0d57e9\" data-element_type=\"widget\" data-e-type=\"widget\" data-widget_type=\"image.default\">\n\t\t\t\t\t\t\t\t\t\t\t\t\t\t\t<img fetchpriority=\"high\" decoding=\"async\" width=\"800\" height=\"600\" src=\"https:\/\/catalinaortizabogada.es\/wp-content\/uploads\/2026\/04\/accidentes_trafico-1024x768.jpg\" class=\"attachment-large size-large wp-image-225\" alt=\"accidentes_trafico\" srcset=\"https:\/\/catalinaortizabogada.es\/wp-content\/uploads\/2026\/04\/accidentes_trafico-1024x768.jpg 1024w, https:\/\/catalinaortizabogada.es\/wp-content\/uploads\/2026\/04\/accidentes_trafico-300x225.jpg 300w, https:\/\/catalinaortizabogada.es\/wp-content\/uploads\/2026\/04\/accidentes_trafico-768x576.jpg 768w, https:\/\/catalinaortizabogada.es\/wp-content\/uploads\/2026\/04\/accidentes_trafico.jpg 1280w\" sizes=\"(max-width: 800px) 100vw, 800px\" \/>\t\t\t\t\t\t\t\t\t\t\t\t\t\t\t<\/div>\n\t\t\t\t<\/div>\n\t\t\t\t\t<\/div>\n\t\t\t\t<\/div>\n\t\t\t\t<\/div>","protected":false},"excerpt":{"rendered":"<p>Accidentes de tr\u00e1fico Ofrecemos asesoramiento integral a v\u00edctimas de accidentes de tr\u00e1fico, ocup\u00e1ndonos de todo el proceso de reclamaci\u00f3n. Gestionamos indemnizaciones por lesiones, secuelas, da\u00f1os materiales, incapacidad temporal y responsabilidad civil frente a aseguradoras. Nuestro objetivo es que obtenga la m\u00e1xima compensaci\u00f3n posible.<\/p>","protected":false},"author":1,"featured_media":0,"parent":0,"menu_order":0,"comment_status":"closed","ping_status":"closed","template":"","meta":{"footnotes":""},"class_list":["post-68","page","type-page","status-publish","hentry"],"_links":{"self":[{"href":"https:\/\/catalinaortizabogada.es\/en\/wp-json\/wp\/v2\/pages\/68","targetHints":{"allow":["GET"]}}],"collection":[{"href":"https:\/\/catalinaortizabogada.es\/en\/wp-json\/wp\/v2\/pages"}],"about":[{"href":"https:\/\/catalinaortizabogada.es\/en\/wp-json\/wp\/v2\/types\/page"}],"author":[{"embeddable":true,"href":"https:\/\/catalinaortizabogada.es\/en\/wp-json\/wp\/v2\/users\/1"}],"replies":[{"embeddable":true,"href":"https:\/\/catalinaortizabogada.es\/en\/wp-json\/wp\/v2\/comments?post=68"}],"version-history":[{"count":10,"href":"https:\/\/catalinaortizabogada.es\/en\/wp-json\/wp\/v2\/pages\/68\/revisions"}],"predecessor-version":[{"id":297,"href":"https:\/\/catalinaortizabogada.es\/en\/wp-json\/wp\/v2\/pages\/68\/revisions\/297"}],"wp:attachment":[{"href":"https:\/\/catalinaortizabogada.es\/en\/wp-json\/wp\/v2\/media?parent=68"}],"curies":[{"name":"wp","href":"https:\/\/api.w.org\/{rel}","templated":true}]}}