{"id":73,"date":"2026-04-28T10:50:23","date_gmt":"2026-04-28T10:50:23","guid":{"rendered":"https:\/\/catalinaortizabogada.es\/?page_id=73"},"modified":"2026-04-30T08:49:39","modified_gmt":"2026-04-30T08:49:39","slug":"derecho-de-sucesiones","status":"publish","type":"page","link":"https:\/\/catalinaortizabogada.es\/en\/derecho-de-sucesiones\/","title":{"rendered":"Inheritance law"},"content":{"rendered":"<div data-elementor-type=\"wp-page\" data-elementor-id=\"73\" class=\"elementor elementor-73\" data-elementor-post-type=\"page\">\n\t\t\t\t<div class=\"elementor-element elementor-element-290f4db0 e-flex e-con-boxed e-con e-parent\" data-id=\"290f4db0\" data-element_type=\"container\" data-e-type=\"container\">\n\t\t\t\t\t<div class=\"e-con-inner\">\n\t\t<div class=\"elementor-element elementor-element-4143ef72 e-con-full e-flex e-con e-child\" data-id=\"4143ef72\" data-element_type=\"container\" data-e-type=\"container\">\n\t\t\t\t<div class=\"elementor-element elementor-element-3a03c698 elementor-widget elementor-widget-heading\" data-id=\"3a03c698\" data-element_type=\"widget\" data-e-type=\"widget\" data-widget_type=\"heading.default\">\n\t\t\t\t\t<h2 class=\"elementor-heading-title elementor-size-default\">Inheritance law<\/h2>\t\t\t\t<\/div>\n\t\t\t\t<div class=\"elementor-element elementor-element-5d04bc74 elementor-widget elementor-widget-text-editor\" data-id=\"5d04bc74\" data-element_type=\"widget\" data-e-type=\"widget\" data-widget_type=\"text-editor.default\">\n\t\t\t\t\t\t\t\t\t<p>Disponemos de profesionales cualificados para asesorarle en herencias, testamentos y procedimientos sucesorios. Tramitamos aceptaci\u00f3n y partici\u00f3n de herencias, impugnaci\u00f3n de testamentos, leg\u00edtimas, adjudicaci\u00f3n de bienes y resoluci\u00f3n de conflictos entre herederos. Le acompa\u00f1amos para facilitar cada tr\u00e1mite con seguridad jur\u00eddica.<\/p>\t\t\t\t\t\t\t\t<\/div>\n\t\t\t\t<\/div>\n\t\t<div class=\"elementor-element elementor-element-4fe9744e e-con-full e-flex e-con e-child\" data-id=\"4fe9744e\" data-element_type=\"container\" data-e-type=\"container\">\n\t\t\t\t<div class=\"elementor-element elementor-element-8e7cfdf elementor-widget elementor-widget-image\" data-id=\"8e7cfdf\" data-element_type=\"widget\" data-e-type=\"widget\" data-widget_type=\"image.default\">\n\t\t\t\t\t\t\t\t\t\t\t\t\t\t\t<img fetchpriority=\"high\" decoding=\"async\" width=\"800\" height=\"533\" src=\"https:\/\/catalinaortizabogada.es\/wp-content\/uploads\/2026\/04\/derecho_suceciones-1024x682.jpg\" class=\"attachment-large size-large wp-image-233\" alt=\"derecho_suceciones\" srcset=\"https:\/\/catalinaortizabogada.es\/wp-content\/uploads\/2026\/04\/derecho_suceciones-1024x682.jpg 1024w, https:\/\/catalinaortizabogada.es\/wp-content\/uploads\/2026\/04\/derecho_suceciones-300x200.jpg 300w, https:\/\/catalinaortizabogada.es\/wp-content\/uploads\/2026\/04\/derecho_suceciones-768x512.jpg 768w, https:\/\/catalinaortizabogada.es\/wp-content\/uploads\/2026\/04\/derecho_suceciones.jpg 1280w\" sizes=\"(max-width: 800px) 100vw, 800px\" \/>\t\t\t\t\t\t\t\t\t\t\t\t\t\t\t<\/div>\n\t\t\t\t<\/div>\n\t\t\t\t\t<\/div>\n\t\t\t\t<\/div>\n\t\t\t\t<\/div>","protected":false},"excerpt":{"rendered":"<p>Derecho de sucesiones Disponemos de profesionales cualificados para asesorarle en herencias, testamentos y procedimientos sucesorios. Tramitamos aceptaci\u00f3n y partici\u00f3n de herencias, impugnaci\u00f3n de testamentos, leg\u00edtimas, adjudicaci\u00f3n de bienes y resoluci\u00f3n de conflictos entre herederos. Le acompa\u00f1amos para facilitar cada tr\u00e1mite con seguridad jur\u00eddica.<\/p>","protected":false},"author":1,"featured_media":0,"parent":0,"menu_order":0,"comment_status":"closed","ping_status":"closed","template":"","meta":{"footnotes":""},"class_list":["post-73","page","type-page","status-publish","hentry"],"_links":{"self":[{"href":"https:\/\/catalinaortizabogada.es\/en\/wp-json\/wp\/v2\/pages\/73","targetHints":{"allow":["GET"]}}],"collection":[{"href":"https:\/\/catalinaortizabogada.es\/en\/wp-json\/wp\/v2\/pages"}],"about":[{"href":"https:\/\/catalinaortizabogada.es\/en\/wp-json\/wp\/v2\/types\/page"}],"author":[{"embeddable":true,"href":"https:\/\/catalinaortizabogada.es\/en\/wp-json\/wp\/v2\/users\/1"}],"replies":[{"embeddable":true,"href":"https:\/\/catalinaortizabogada.es\/en\/wp-json\/wp\/v2\/comments?post=73"}],"version-history":[{"count":10,"href":"https:\/\/catalinaortizabogada.es\/en\/wp-json\/wp\/v2\/pages\/73\/revisions"}],"predecessor-version":[{"id":300,"href":"https:\/\/catalinaortizabogada.es\/en\/wp-json\/wp\/v2\/pages\/73\/revisions\/300"}],"wp:attachment":[{"href":"https:\/\/catalinaortizabogada.es\/en\/wp-json\/wp\/v2\/media?parent=73"}],"curies":[{"name":"wp","href":"https:\/\/api.w.org\/{rel}","templated":true}]}}