{"id":83,"date":"2026-04-28T10:52:02","date_gmt":"2026-04-28T10:52:02","guid":{"rendered":"https:\/\/catalinaortizabogada.es\/?page_id=83"},"modified":"2026-04-30T08:49:51","modified_gmt":"2026-04-30T08:49:51","slug":"derecho-administrativo","status":"publish","type":"page","link":"https:\/\/catalinaortizabogada.es\/en\/derecho-administrativo\/","title":{"rendered":"Administrative Law"},"content":{"rendered":"<div data-elementor-type=\"wp-page\" data-elementor-id=\"83\" class=\"elementor elementor-83\" data-elementor-post-type=\"page\">\n\t\t\t\t<div class=\"elementor-element elementor-element-3ef42464 e-flex e-con-boxed e-con e-parent\" data-id=\"3ef42464\" data-element_type=\"container\" data-e-type=\"container\">\n\t\t\t\t\t<div class=\"e-con-inner\">\n\t\t<div class=\"elementor-element elementor-element-5e76c8c6 e-con-full e-flex e-con e-child\" data-id=\"5e76c8c6\" data-element_type=\"container\" data-e-type=\"container\">\n\t\t\t\t<div class=\"elementor-element elementor-element-292fa099 elementor-widget elementor-widget-heading\" data-id=\"292fa099\" data-element_type=\"widget\" data-e-type=\"widget\" data-widget_type=\"heading.default\">\n\t\t\t\t\t<h2 class=\"elementor-heading-title elementor-size-default\">Administrative Law<\/h2>\t\t\t\t<\/div>\n\t\t\t\t<div class=\"elementor-element elementor-element-59f4773a elementor-widget elementor-widget-text-editor\" data-id=\"59f4773a\" data-element_type=\"widget\" data-e-type=\"widget\" data-widget_type=\"text-editor.default\">\n\t\t\t\t\t\t\t\t\t<p>Prestamos asesoramiento especializado en derecho administrativo tanto a particulares como a entidades p\u00fablicas y privadas. Intervenimos en sanciones, licencias, responsabilidad patrimonial, contrataci\u00f3n p\u00fablica, recursos administrativos y procedimientos ante la Administraci\u00f3n. Garantizamos una defensa eficaz ante cualquier actuaci\u00f3n administrativa.<\/p>\t\t\t\t\t\t\t\t<\/div>\n\t\t\t\t<\/div>\n\t\t<div class=\"elementor-element elementor-element-1777ccaf e-con-full e-flex e-con e-child\" data-id=\"1777ccaf\" data-element_type=\"container\" data-e-type=\"container\">\n\t\t\t\t<div class=\"elementor-element elementor-element-1ab7fa25 elementor-widget elementor-widget-image\" data-id=\"1ab7fa25\" data-element_type=\"widget\" data-e-type=\"widget\" data-widget_type=\"image.default\">\n\t\t\t\t\t\t\t\t\t\t\t\t\t\t\t<img fetchpriority=\"high\" decoding=\"async\" width=\"800\" height=\"533\" src=\"https:\/\/catalinaortizabogada.es\/wp-content\/uploads\/2026\/04\/derecho_administrativo-1024x682.jpg\" class=\"attachment-large size-large wp-image-226\" alt=\"derecho_administrativo\" srcset=\"https:\/\/catalinaortizabogada.es\/wp-content\/uploads\/2026\/04\/derecho_administrativo-1024x682.jpg 1024w, https:\/\/catalinaortizabogada.es\/wp-content\/uploads\/2026\/04\/derecho_administrativo-300x200.jpg 300w, https:\/\/catalinaortizabogada.es\/wp-content\/uploads\/2026\/04\/derecho_administrativo-768x512.jpg 768w, https:\/\/catalinaortizabogada.es\/wp-content\/uploads\/2026\/04\/derecho_administrativo.jpg 1280w\" sizes=\"(max-width: 800px) 100vw, 800px\" \/>\t\t\t\t\t\t\t\t\t\t\t\t\t\t\t<\/div>\n\t\t\t\t<\/div>\n\t\t\t\t\t<\/div>\n\t\t\t\t<\/div>\n\t\t\t\t<\/div>","protected":false},"excerpt":{"rendered":"<p>Derecho administrativo Prestamos asesoramiento especializado en derecho administrativo tanto a particulares como a entidades p\u00fablicas y privadas. Intervenimos en sanciones, licencias, responsabilidad patrimonial, contrataci\u00f3n p\u00fablica, recursos administrativos y procedimientos ante la Administraci\u00f3n. Garantizamos una defensa eficaz ante cualquier actuaci\u00f3n administrativa.<\/p>","protected":false},"author":1,"featured_media":0,"parent":0,"menu_order":0,"comment_status":"closed","ping_status":"closed","template":"","meta":{"footnotes":""},"class_list":["post-83","page","type-page","status-publish","hentry"],"_links":{"self":[{"href":"https:\/\/catalinaortizabogada.es\/en\/wp-json\/wp\/v2\/pages\/83","targetHints":{"allow":["GET"]}}],"collection":[{"href":"https:\/\/catalinaortizabogada.es\/en\/wp-json\/wp\/v2\/pages"}],"about":[{"href":"https:\/\/catalinaortizabogada.es\/en\/wp-json\/wp\/v2\/types\/page"}],"author":[{"embeddable":true,"href":"https:\/\/catalinaortizabogada.es\/en\/wp-json\/wp\/v2\/users\/1"}],"replies":[{"embeddable":true,"href":"https:\/\/catalinaortizabogada.es\/en\/wp-json\/wp\/v2\/comments?post=83"}],"version-history":[{"count":10,"href":"https:\/\/catalinaortizabogada.es\/en\/wp-json\/wp\/v2\/pages\/83\/revisions"}],"predecessor-version":[{"id":306,"href":"https:\/\/catalinaortizabogada.es\/en\/wp-json\/wp\/v2\/pages\/83\/revisions\/306"}],"wp:attachment":[{"href":"https:\/\/catalinaortizabogada.es\/en\/wp-json\/wp\/v2\/media?parent=83"}],"curies":[{"name":"wp","href":"https:\/\/api.w.org\/{rel}","templated":true}]}}